{"id":85,"date":"2023-06-21T14:40:21","date_gmt":"2023-06-21T14:40:21","guid":{"rendered":"https:\/\/avidis-it.de\/index.php\/bonsa\/"},"modified":"2025-08-07T20:44:01","modified_gmt":"2025-08-07T20:44:01","slug":"bonsa","status":"publish","type":"page","link":"https:\/\/avidishosting.de\/","title":{"rendered":"Bonsa"},"content":{"rendered":"\t\t<div data-elementor-type=\"wp-page\" data-elementor-id=\"85\" class=\"elementor elementor-85\">\n\t\t\t\t<div class=\"elementor-element elementor-element-e03f158 e-flex e-con-boxed e-con e-parent\" data-id=\"e03f158\" data-element_type=\"container\" data-settings=\"{&quot;background_background&quot;:&quot;classic&quot;}\">\n\t\t\t\t\t<div class=\"e-con-inner\">\n\t\t<div class=\"elementor-element elementor-element-5f4853f e-con-full e-flex e-con e-child\" data-id=\"5f4853f\" data-element_type=\"container\">\n\t\t\t\t<div class=\"elementor-element elementor-element-4f480c9 elementor-widget__width-initial elementor-widget-tablet__width-initial elementor-widget-mobile__width-inherit  ui-split-animate ui-splitby-lines elementor-widget elementor-widget-heading\" data-id=\"4f480c9\" data-element_type=\"widget\" data-settings=\"{&quot;ui_animate_split&quot;:&quot;ui-split-animate&quot;,&quot;ui_animate_split_by&quot;:&quot;lines&quot;,&quot;ui_animate_split_style&quot;:&quot;fadeInDown&quot;}\" data-widget_type=\"heading.default\">\n\t\t\t\t\t<h1 class=\"elementor-heading-title elementor-size-default\">AVIDIS IT<\/h1>\t\t\t\t<\/div>\n\t\t\t\t<div class=\"elementor-element elementor-element-de6c163 elementor-widget__width-initial elementor-widget-tablet__width-initial elementor-widget-mobile__width-inherit animated-fast elementor-invisible elementor-widget elementor-widget-text-editor\" data-id=\"de6c163\" data-element_type=\"widget\" data-settings=\"{&quot;_animation&quot;:&quot;fadeInDown&quot;,&quot;_animation_delay&quot;:750}\" data-widget_type=\"text-editor.default\">\n\t\t\t\t\t\t\t\t\t<p>Ihr IT Dienstleister aus Langenfeld<\/p>\t\t\t\t\t\t\t\t<\/div>\n\t\t<div class=\"elementor-element elementor-element-5b531e1 e-con-full e-flex e-con e-child\" data-id=\"5b531e1\" data-element_type=\"container\">\n\t\t\t\t<div class=\"elementor-element elementor-element-26aeb78 animated-fast elementor-invisible elementor-widget elementor-widget-button\" data-id=\"26aeb78\" data-element_type=\"widget\" data-settings=\"{&quot;_animation&quot;:&quot;fadeInDown&quot;,&quot;_animation_delay&quot;:800}\" data-widget_type=\"button.default\">\n\t\t\t\t\t\t\t\t\t\t<a class=\"elementor-button elementor-button-link elementor-size-sm\" href=\"tel:01747802549\">\n\t\t\t\t\t\t<span class=\"elementor-button-content-wrapper\">\n\t\t\t\t\t\t\t\t\t<span class=\"elementor-button-text\">direkt anrufen<\/span>\n\t\t\t\t\t<\/span>\n\t\t\t\t\t<\/a>\n\t\t\t\t\t\t\t\t<\/div>\n\t\t\t\t<div class=\"elementor-element elementor-element-5399be9 animated-fast elementor-invisible elementor-widget elementor-widget-button\" data-id=\"5399be9\" data-element_type=\"widget\" data-settings=\"{&quot;_animation&quot;:&quot;fadeInDown&quot;,&quot;_animation_delay&quot;:850}\" data-widget_type=\"button.default\">\n\t\t\t\t\t\t\t\t\t\t<a class=\"elementor-button elementor-button-link elementor-size-sm\" href=\"https:\/\/wa.me\/491747802549\">\n\t\t\t\t\t\t<span class=\"elementor-button-content-wrapper\">\n\t\t\t\t\t\t\t\t\t<span class=\"elementor-button-text\">WhatsApp schreiben<\/span>\n\t\t\t\t\t<\/span>\n\t\t\t\t\t<\/a>\n\t\t\t\t\t\t\t\t<\/div>\n\t\t\t\t<\/div>\n\t\t\t\t<\/div>\n\t\t\t\t\t<\/div>\n\t\t\t\t<\/div>\n\t\t<div class=\"elementor-element elementor-element-91a82d0 e-flex e-con-boxed e-con e-parent\" data-id=\"91a82d0\" data-element_type=\"container\" data-settings=\"{&quot;background_background&quot;:&quot;classic&quot;}\">\n\t\t\t\t\t<div class=\"e-con-inner\">\n\t\t<div class=\"elementor-element elementor-element-07f75c8 e-con-full e-flex e-con e-child\" data-id=\"07f75c8\" data-element_type=\"container\">\n\t\t\t\t<div class=\"elementor-element elementor-element-8a96b19 elementor-widget elementor-widget-heading\" data-id=\"8a96b19\" data-element_type=\"widget\" data-widget_type=\"heading.default\">\n\t\t\t\t\t<h2 class=\"elementor-heading-title elementor-size-default\">Ihr IT Dienstleister <\/h2>\t\t\t\t<\/div>\n\t\t\t\t<div class=\"elementor-element elementor-element-dbe1f3e elementor-widget__width-initial elementor-widget-mobile__width-inherit elementor-widget-tablet__width-initial elementor-widget elementor-widget-text-editor\" data-id=\"dbe1f3e\" data-element_type=\"widget\" data-widget_type=\"text-editor.default\">\n\t\t\t\t\t\t\t\t\t<p class=\"p1\">AVIDIS IT bietet zuverl\u00e4ssige und individuelle IT-L\u00f6sungen f\u00fcr Unternehmen und Selbstst\u00e4ndige in Langenfeld, Monheim, Leverkusen und Umgebung. Von der Netzwerktechnik \u00fcber Serverl\u00f6sungen bis hin zur Webentwicklung \u2013 wir sorgen daf\u00fcr, dass deine IT sicher, effizient und zukunftsf\u00e4hig l\u00e4uft.<\/p>\t\t\t\t\t\t\t\t<\/div>\n\t\t\t\t<\/div>\n\t\t<div class=\"elementor-element elementor-element-9edc098 e-con-full e-grid e-con e-child\" data-id=\"9edc098\" data-element_type=\"container\">\n\t\t\t\t<div class=\"elementor-element elementor-element-74e578e ui-e-align-left ui-e-align-tablet-left ui-e-top ui-e-align-mobile-center elementor-widget elementor-widget-uicore-icon-box\" data-id=\"74e578e\" data-element_type=\"widget\" data-settings=\"{&quot;content_padding&quot;:{&quot;unit&quot;:&quot;px&quot;,&quot;top&quot;:&quot;0&quot;,&quot;right&quot;:&quot;32&quot;,&quot;bottom&quot;:&quot;0&quot;,&quot;left&quot;:&quot;32&quot;,&quot;isLinked&quot;:false},&quot;content_padding_tablet&quot;:{&quot;unit&quot;:&quot;px&quot;,&quot;top&quot;:&quot;0&quot;,&quot;right&quot;:&quot;24&quot;,&quot;bottom&quot;:&quot;0&quot;,&quot;left&quot;:&quot;24&quot;,&quot;isLinked&quot;:false},&quot;content_padding_mobile&quot;:{&quot;unit&quot;:&quot;px&quot;,&quot;top&quot;:&quot;24&quot;,&quot;right&quot;:&quot;0&quot;,&quot;bottom&quot;:&quot;24&quot;,&quot;left&quot;:&quot;0&quot;,&quot;isLinked&quot;:false},&quot;position&quot;:&quot;top&quot;}\" data-widget_type=\"uicore-icon-box.default\">\n\t\t\t\t\t\n        <div class=\"ui-e-ico-box\" >\n\n            \n            <div class='ui-e-flex-wrp'>\n\n                                    <div class=\"ui-e-icon-wrp\">\n\n                        <svg aria-hidden=\"true\" class=\"e-font-icon-svg e-fas-chart-pie\" viewBox=\"0 0 544 512\" xmlns=\"http:\/\/www.w3.org\/2000\/svg\"><path d=\"M527.79 288H290.5l158.03 158.03c6.04 6.04 15.98 6.53 22.19.68 38.7-36.46 65.32-85.61 73.13-140.86 1.34-9.46-6.51-17.85-16.06-17.85zm-15.83-64.8C503.72 103.74 408.26 8.28 288.8.04 279.68-.59 272 7.1 272 16.24V240h223.77c9.14 0 16.82-7.68 16.19-16.8zM224 288V50.71c0-9.55-8.39-17.4-17.84-16.06C86.99 51.49-4.1 155.6.14 280.37 4.5 408.51 114.83 513.59 243.03 511.98c50.4-.63 96.97-16.87 135.26-44.03 7.9-5.6 8.42-17.23 1.57-24.08L224 288z\"><\/path><\/svg>\n                    <\/div>\n                \n                <div class=\"ui-e-title-wrp\"><h5 class=\"ui-e-title\">Cloud-L\u00f6sungen &amp; Datensicherung<\/h5><\/div>\n            <\/div>\n\n            <div class=\"ui-e-box-content\">\n                \n                <div class=\"ui-e-description\">\n                                    <\/div>\n\n                \n            <\/div>\n        <\/div>\n\t\t\t\t<\/div>\n\t\t\t\t<div class=\"elementor-element elementor-element-483947a ui-e-align-left ui-e-align-tablet-left ui-e-top ui-e-align-mobile-center elementor-widget elementor-widget-uicore-icon-box\" data-id=\"483947a\" data-element_type=\"widget\" data-settings=\"{&quot;content_padding&quot;:{&quot;unit&quot;:&quot;px&quot;,&quot;top&quot;:&quot;0&quot;,&quot;right&quot;:&quot;32&quot;,&quot;bottom&quot;:&quot;0&quot;,&quot;left&quot;:&quot;32&quot;,&quot;isLinked&quot;:false},&quot;content_padding_tablet&quot;:{&quot;unit&quot;:&quot;px&quot;,&quot;top&quot;:&quot;0&quot;,&quot;right&quot;:&quot;24&quot;,&quot;bottom&quot;:&quot;0&quot;,&quot;left&quot;:&quot;24&quot;,&quot;isLinked&quot;:false},&quot;content_padding_mobile&quot;:{&quot;unit&quot;:&quot;px&quot;,&quot;top&quot;:&quot;24&quot;,&quot;right&quot;:&quot;0&quot;,&quot;bottom&quot;:&quot;24&quot;,&quot;left&quot;:&quot;0&quot;,&quot;isLinked&quot;:false},&quot;position&quot;:&quot;top&quot;}\" data-widget_type=\"uicore-icon-box.default\">\n\t\t\t\t\t\n        <div class=\"ui-e-ico-box\" >\n\n            \n            <div class='ui-e-flex-wrp'>\n\n                                    <div class=\"ui-e-icon-wrp\">\n\n                        <svg aria-hidden=\"true\" class=\"e-font-icon-svg e-fas-hand-holding-usd\" viewBox=\"0 0 576 512\" xmlns=\"http:\/\/www.w3.org\/2000\/svg\"><path d=\"M271.06,144.3l54.27,14.3a8.59,8.59,0,0,1,6.63,8.1c0,4.6-4.09,8.4-9.12,8.4h-35.6a30,30,0,0,1-11.19-2.2c-5.24-2.2-11.28-1.7-15.3,2l-19,17.5a11.68,11.68,0,0,0-2.25,2.66,11.42,11.42,0,0,0,3.88,15.74,83.77,83.77,0,0,0,34.51,11.5V240c0,8.8,7.83,16,17.37,16h17.37c9.55,0,17.38-7.2,17.38-16V222.4c32.93-3.6,57.84-31,53.5-63-3.15-23-22.46-41.3-46.56-47.7L282.68,97.4a8.59,8.59,0,0,1-6.63-8.1c0-4.6,4.09-8.4,9.12-8.4h35.6A30,30,0,0,1,332,83.1c5.23,2.2,11.28,1.7,15.3-2l19-17.5A11.31,11.31,0,0,0,368.47,61a11.43,11.43,0,0,0-3.84-15.78,83.82,83.82,0,0,0-34.52-11.5V16c0-8.8-7.82-16-17.37-16H295.37C285.82,0,278,7.2,278,16V33.6c-32.89,3.6-57.85,31-53.51,63C227.63,119.6,247,137.9,271.06,144.3ZM565.27,328.1c-11.8-10.7-30.2-10-42.6,0L430.27,402a63.64,63.64,0,0,1-40,14H272a16,16,0,0,1,0-32h78.29c15.9,0,30.71-10.9,33.25-26.6a31.2,31.2,0,0,0,.46-5.46A32,32,0,0,0,352,320H192a117.66,117.66,0,0,0-74.1,26.29L71.4,384H16A16,16,0,0,0,0,400v96a16,16,0,0,0,16,16H372.77a64,64,0,0,0,40-14L564,377a32,32,0,0,0,1.28-48.9Z\"><\/path><\/svg>\n                    <\/div>\n                \n                <div class=\"ui-e-title-wrp\"><h5 class=\"ui-e-title\">IT-Beratung &amp; Support<\/h5><\/div>\n            <\/div>\n\n            <div class=\"ui-e-box-content\">\n                \n                <div class=\"ui-e-description\">\n                                    <\/div>\n\n                \n            <\/div>\n        <\/div>\n\t\t\t\t<\/div>\n\t\t\t\t<div class=\"elementor-element elementor-element-17bd71c ui-e-align-left ui-e-align-tablet-left ui-e-top ui-e-align-mobile-center elementor-widget elementor-widget-uicore-icon-box\" data-id=\"17bd71c\" data-element_type=\"widget\" data-settings=\"{&quot;content_padding&quot;:{&quot;unit&quot;:&quot;px&quot;,&quot;top&quot;:&quot;0&quot;,&quot;right&quot;:&quot;32&quot;,&quot;bottom&quot;:&quot;0&quot;,&quot;left&quot;:&quot;32&quot;,&quot;isLinked&quot;:false},&quot;content_padding_tablet&quot;:{&quot;unit&quot;:&quot;px&quot;,&quot;top&quot;:&quot;0&quot;,&quot;right&quot;:&quot;24&quot;,&quot;bottom&quot;:&quot;0&quot;,&quot;left&quot;:&quot;24&quot;,&quot;isLinked&quot;:false},&quot;content_padding_mobile&quot;:{&quot;unit&quot;:&quot;px&quot;,&quot;top&quot;:&quot;24&quot;,&quot;right&quot;:&quot;0&quot;,&quot;bottom&quot;:&quot;0&quot;,&quot;left&quot;:&quot;0&quot;,&quot;isLinked&quot;:false},&quot;position&quot;:&quot;top&quot;}\" data-widget_type=\"uicore-icon-box.default\">\n\t\t\t\t\t\n        <div class=\"ui-e-ico-box\" >\n\n            \n            <div class='ui-e-flex-wrp'>\n\n                                    <div class=\"ui-e-icon-wrp\">\n\n                        <svg aria-hidden=\"true\" class=\"e-font-icon-svg e-fas-cubes\" viewBox=\"0 0 512 512\" xmlns=\"http:\/\/www.w3.org\/2000\/svg\"><path d=\"M488.6 250.2L392 214V105.5c0-15-9.3-28.4-23.4-33.7l-100-37.5c-8.1-3.1-17.1-3.1-25.3 0l-100 37.5c-14.1 5.3-23.4 18.7-23.4 33.7V214l-96.6 36.2C9.3 255.5 0 268.9 0 283.9V394c0 13.6 7.7 26.1 19.9 32.2l100 50c10.1 5.1 22.1 5.1 32.2 0l103.9-52 103.9 52c10.1 5.1 22.1 5.1 32.2 0l100-50c12.2-6.1 19.9-18.6 19.9-32.2V283.9c0-15-9.3-28.4-23.4-33.7zM358 214.8l-85 31.9v-68.2l85-37v73.3zM154 104.1l102-38.2 102 38.2v.6l-102 41.4-102-41.4v-.6zm84 291.1l-85 42.5v-79.1l85-38.8v75.4zm0-112l-102 41.4-102-41.4v-.6l102-38.2 102 38.2v.6zm240 112l-85 42.5v-79.1l85-38.8v75.4zm0-112l-102 41.4-102-41.4v-.6l102-38.2 102 38.2v.6z\"><\/path><\/svg>\n                    <\/div>\n                \n                <div class=\"ui-e-title-wrp\"><h5 class=\"ui-e-title\">Server- und Netzwerkinstallation<\/h5><\/div>\n            <\/div>\n\n            <div class=\"ui-e-box-content\">\n                \n                <div class=\"ui-e-description\">\n                                    <\/div>\n\n                \n            <\/div>\n        <\/div>\n\t\t\t\t<\/div>\n\t\t\t\t<\/div>\n\t\t\t\t\t<\/div>\n\t\t\t\t<\/div>\n\t\t<div class=\"elementor-element elementor-element-292f7be e-flex e-con-boxed e-con e-parent\" data-id=\"292f7be\" data-element_type=\"container\">\n\t\t\t\t\t<div class=\"e-con-inner\">\n\t\t<div class=\"elementor-element elementor-element-f5f3c9f e-con-full e-flex e-con e-child\" data-id=\"f5f3c9f\" data-element_type=\"container\">\n\t\t<div class=\"elementor-element elementor-element-3922a83 e-con-full e-flex e-con e-child\" data-id=\"3922a83\" data-element_type=\"container\">\n\t\t<div class=\"elementor-element elementor-element-07a81d8 e-con-full e-flex e-con e-child\" data-id=\"07a81d8\" data-element_type=\"container\">\n\t\t\t\t<div class=\"elementor-element elementor-element-628f0de elementor-widget elementor-widget-image\" data-id=\"628f0de\" data-element_type=\"widget\" data-widget_type=\"image.default\">\n\t\t\t\t\t\t\t\t\t\t\t\t\t\t\t<img fetchpriority=\"high\" decoding=\"async\" width=\"859\" height=\"280\" src=\"https:\/\/avidishosting.de\/wp-content\/uploads\/2025\/08\/avidis-it-logo.png\" class=\"attachment-large size-large wp-image-101\" alt=\"\" srcset=\"https:\/\/avidishosting.de\/wp-content\/uploads\/2025\/08\/avidis-it-logo.png 859w, https:\/\/avidishosting.de\/wp-content\/uploads\/2025\/08\/avidis-it-logo-300x98.png 300w, https:\/\/avidishosting.de\/wp-content\/uploads\/2025\/08\/avidis-it-logo-768x250.png 768w, https:\/\/avidishosting.de\/wp-content\/uploads\/2025\/08\/avidis-it-logo-650x212.png 650w\" sizes=\"(max-width: 859px) 100vw, 859px\" \/>\t\t\t\t\t\t\t\t\t\t\t\t\t\t\t<\/div>\n\t\t\t\t<\/div>\n\t\t<div class=\"elementor-element elementor-element-fc72bec e-con-full e-flex e-con e-child\" data-id=\"fc72bec\" data-element_type=\"container\">\n\t\t\t\t<div class=\"elementor-element elementor-element-29df022 animated-fast elementor-invisible elementor-widget elementor-widget-text-editor\" data-id=\"29df022\" data-element_type=\"widget\" data-settings=\"{&quot;_animation&quot;:&quot;fadeInUp&quot;,&quot;_animation_delay&quot;:500}\" data-widget_type=\"text-editor.default\">\n\t\t\t\t\t\t\t\t\t<p class=\"p1\">Vertraue auf einen regionalen Partner, der Technik verst\u00e4ndlich macht und dich aktiv bei der Digitalisierung unterst\u00fctzt.<\/p>\t\t\t\t\t\t\t\t<\/div>\n\t\t<div class=\"elementor-element elementor-element-609e43c e-con-full e-flex e-con e-child\" data-id=\"609e43c\" data-element_type=\"container\">\n\t\t\t\t<div class=\"elementor-element elementor-element-e20e833 animated-fast elementor-invisible elementor-widget elementor-widget-button\" data-id=\"e20e833\" data-element_type=\"widget\" data-settings=\"{&quot;_animation&quot;:&quot;fadeInDown&quot;,&quot;_animation_delay&quot;:800}\" data-widget_type=\"button.default\">\n\t\t\t\t\t\t\t\t\t\t<a class=\"elementor-button elementor-button-link elementor-size-sm\" href=\"tel:01747802549\">\n\t\t\t\t\t\t<span class=\"elementor-button-content-wrapper\">\n\t\t\t\t\t\t\t\t\t<span class=\"elementor-button-text\">direkt anrufen<\/span>\n\t\t\t\t\t<\/span>\n\t\t\t\t\t<\/a>\n\t\t\t\t\t\t\t\t<\/div>\n\t\t\t\t<div class=\"elementor-element elementor-element-e21c2af animated-fast elementor-invisible elementor-widget elementor-widget-button\" data-id=\"e21c2af\" data-element_type=\"widget\" data-settings=\"{&quot;_animation&quot;:&quot;fadeInDown&quot;,&quot;_animation_delay&quot;:850}\" data-widget_type=\"button.default\">\n\t\t\t\t\t\t\t\t\t\t<a class=\"elementor-button elementor-button-link elementor-size-sm\" href=\"https:\/\/wa.me\/491747802549\">\n\t\t\t\t\t\t<span class=\"elementor-button-content-wrapper\">\n\t\t\t\t\t\t\t\t\t<span class=\"elementor-button-text\">WhatsApp schreiben<\/span>\n\t\t\t\t\t<\/span>\n\t\t\t\t\t<\/a>\n\t\t\t\t\t\t\t\t<\/div>\n\t\t\t\t<\/div>\n\t\t\t\t<\/div>\n\t\t\t\t<\/div>\n\t\t<div class=\"elementor-element elementor-element-2a61026 e-con-full e-flex e-con e-child\" data-id=\"2a61026\" data-element_type=\"container\">\n\t\t<div class=\"elementor-element elementor-element-7b1b4b9 animated-fast e-con-full e-flex elementor-invisible e-con e-child\" data-id=\"7b1b4b9\" data-element_type=\"container\" data-settings=\"{&quot;background_background&quot;:&quot;classic&quot;,&quot;animation&quot;:&quot;fadeInUp&quot;,&quot;animation_delay&quot;:400}\">\n\t\t\t\t<\/div>\n\t\t<div class=\"elementor-element elementor-element-b21276a animated-fast e-con-full e-flex elementor-invisible e-con e-child\" data-id=\"b21276a\" data-element_type=\"container\" data-settings=\"{&quot;background_background&quot;:&quot;classic&quot;,&quot;animation&quot;:&quot;fadeInUp&quot;,&quot;animation_delay&quot;:450}\">\n\t\t\t\t<\/div>\n\t\t<div class=\"elementor-element elementor-element-f803054 animated-fast e-con-full e-flex elementor-invisible e-con e-child\" data-id=\"f803054\" data-element_type=\"container\" data-settings=\"{&quot;background_background&quot;:&quot;classic&quot;,&quot;animation&quot;:&quot;fadeInUp&quot;,&quot;animation_delay&quot;:500}\">\n\t\t\t\t<\/div>\n\t\t\t\t<\/div>\n\t\t\t\t<\/div>\n\t\t\t\t\t<\/div>\n\t\t\t\t<\/div>\n\t\t<div class=\"elementor-element elementor-element-b46bf08 e-flex e-con-boxed e-con e-parent\" data-id=\"b46bf08\" data-element_type=\"container\" data-settings=\"{&quot;background_background&quot;:&quot;gradient&quot;}\">\n\t\t\t\t\t<div class=\"e-con-inner\">\n\t\t<div class=\"elementor-element elementor-element-74a3e9b e-con-full e-flex e-con e-child\" data-id=\"74a3e9b\" data-element_type=\"container\">\n\t\t<div class=\"elementor-element elementor-element-a39abaf e-con-full e-flex e-con e-child\" data-id=\"a39abaf\" data-element_type=\"container\" data-settings=\"{&quot;background_background&quot;:&quot;classic&quot;}\">\n\t\t<div class=\"elementor-element elementor-element-a9f29b7 e-con-full e-flex e-con e-child\" data-id=\"a9f29b7\" data-element_type=\"container\">\n\t\t\t\t<div class=\"elementor-element elementor-element-46e4f84 elementor-widget-tablet__width-initial elementor-widget elementor-widget-heading\" data-id=\"46e4f84\" data-element_type=\"widget\" data-widget_type=\"heading.default\">\n\t\t\t\t\t<h3 class=\"elementor-heading-title elementor-size-default\">IT, die einfach l\u00e4uft. Punkt.<\/h3>\t\t\t\t<\/div>\n\t\t\t\t<\/div>\n\t\t<div class=\"elementor-element elementor-element-d19df28 e-con-full e-flex e-con e-child\" data-id=\"d19df28\" data-element_type=\"container\">\n\t\t\t\t<div class=\"elementor-element elementor-element-786cf51 animated-fast elementor-invisible elementor-widget elementor-widget-button\" data-id=\"786cf51\" data-element_type=\"widget\" data-settings=\"{&quot;_animation&quot;:&quot;fadeInDown&quot;,&quot;_animation_delay&quot;:800}\" data-widget_type=\"button.default\">\n\t\t\t\t\t\t\t\t\t\t<a class=\"elementor-button elementor-button-link elementor-size-sm\" href=\"tel:01747802549\">\n\t\t\t\t\t\t<span class=\"elementor-button-content-wrapper\">\n\t\t\t\t\t\t\t\t\t<span class=\"elementor-button-text\">direkt anrufen<\/span>\n\t\t\t\t\t<\/span>\n\t\t\t\t\t<\/a>\n\t\t\t\t\t\t\t\t<\/div>\n\t\t\t\t<div class=\"elementor-element elementor-element-93a7f60 animated-fast elementor-invisible elementor-widget elementor-widget-button\" data-id=\"93a7f60\" data-element_type=\"widget\" data-settings=\"{&quot;_animation&quot;:&quot;fadeInDown&quot;,&quot;_animation_delay&quot;:850}\" data-widget_type=\"button.default\">\n\t\t\t\t\t\t\t\t\t\t<a class=\"elementor-button elementor-button-link elementor-size-sm\" href=\"https:\/\/wa.me\/491747802549\">\n\t\t\t\t\t\t<span class=\"elementor-button-content-wrapper\">\n\t\t\t\t\t\t\t\t\t<span class=\"elementor-button-text\">WhatsApp schreiben<\/span>\n\t\t\t\t\t<\/span>\n\t\t\t\t\t<\/a>\n\t\t\t\t\t\t\t\t<\/div>\n\t\t\t\t<\/div>\n\t\t\t\t<\/div>\n\t\t\t\t<\/div>\n\t\t\t\t\t<\/div>\n\t\t\t\t<\/div>\n\t\t\t\t<\/div>\n\t\t","protected":false},"excerpt":{"rendered":"<p>AVIDIS IT Ihr IT Dienstleister aus Langenfeld direkt anrufen WhatsApp schreiben Ihr IT Dienstleister AVIDIS IT bietet zuverl\u00e4ssige und individuelle IT-L\u00f6sungen f\u00fcr Unternehmen und Selbstst\u00e4ndige in Langenfeld, Monheim, Leverkusen und Umgebung. Von der Netzwerktechnik \u00fcber Serverl\u00f6sungen bis hin zur Webentwicklung \u2013 wir sorgen daf\u00fcr, dass deine IT sicher, effizient und zukunftsf\u00e4hig l\u00e4uft. Cloud-L\u00f6sungen &amp; Datensicherung [&hellip;]<\/p>\n","protected":false},"author":1,"featured_media":0,"parent":0,"menu_order":0,"comment_status":"closed","ping_status":"closed","template":"","meta":{"footnotes":""},"class_list":["post-85","page","type-page","status-publish","hentry"],"_links":{"self":[{"href":"https:\/\/avidishosting.de\/index.php\/wp-json\/wp\/v2\/pages\/85","targetHints":{"allow":["GET"]}}],"collection":[{"href":"https:\/\/avidishosting.de\/index.php\/wp-json\/wp\/v2\/pages"}],"about":[{"href":"https:\/\/avidishosting.de\/index.php\/wp-json\/wp\/v2\/types\/page"}],"author":[{"embeddable":true,"href":"https:\/\/avidishosting.de\/index.php\/wp-json\/wp\/v2\/users\/1"}],"replies":[{"embeddable":true,"href":"https:\/\/avidishosting.de\/index.php\/wp-json\/wp\/v2\/comments?post=85"}],"version-history":[{"count":3,"href":"https:\/\/avidishosting.de\/index.php\/wp-json\/wp\/v2\/pages\/85\/revisions"}],"predecessor-version":[{"id":105,"href":"https:\/\/avidishosting.de\/index.php\/wp-json\/wp\/v2\/pages\/85\/revisions\/105"}],"wp:attachment":[{"href":"https:\/\/avidishosting.de\/index.php\/wp-json\/wp\/v2\/media?parent=85"}],"curies":[{"name":"wp","href":"https:\/\/api.w.org\/{rel}","templated":true}]}}